{"id":708,"date":"2022-08-18T10:05:35","date_gmt":"2022-08-18T08:05:35","guid":{"rendered":"https:\/\/air4p.de\/wordpress\/imprint\/"},"modified":"2025-01-07T16:55:54","modified_gmt":"2025-01-07T15:55:54","slug":"imprint","status":"publish","type":"page","link":"https:\/\/air4p.de\/en\/imprint\/","title":{"rendered":"Imprint"},"content":{"rendered":"\t\t<div data-elementor-type=\"wp-page\" data-elementor-id=\"708\" class=\"elementor elementor-708 elementor-26\" data-elementor-post-type=\"page\">\n\t\t\t\t\t\t<section class=\"elementor-section elementor-top-section elementor-element elementor-element-c27a0f2 elementor-section-height-min-height elementor-section-content-middle elementor-section-boxed elementor-section-height-default elementor-section-items-middle\" data-id=\"c27a0f2\" data-element_type=\"section\" data-settings=\"{&quot;background_background&quot;:&quot;classic&quot;}\">\n\t\t\t\t\t\t\t<div class=\"elementor-background-overlay\"><\/div>\n\t\t\t\t\t\t\t<div class=\"elementor-container elementor-column-gap-default\">\n\t\t\t\t\t<div class=\"elementor-column elementor-col-100 elementor-top-column elementor-element elementor-element-1a92993\" data-id=\"1a92993\" data-element_type=\"column\">\n\t\t\t<div class=\"elementor-widget-wrap\">\n\t\t\t\t\t\t\t<\/div>\n\t\t<\/div>\n\t\t\t\t\t<\/div>\n\t\t<\/section>\n\t\t\t\t<section class=\"elementor-section elementor-top-section elementor-element elementor-element-7895bc0 elementor-section-boxed elementor-section-height-default elementor-section-height-default\" data-id=\"7895bc0\" data-element_type=\"section\">\n\t\t\t\t\t\t<div class=\"elementor-container elementor-column-gap-default\">\n\t\t\t\t\t<div class=\"elementor-column elementor-col-100 elementor-top-column elementor-element elementor-element-2f9d886\" data-id=\"2f9d886\" data-element_type=\"column\">\n\t\t\t<div class=\"elementor-widget-wrap elementor-element-populated\">\n\t\t\t\t\t\t<section class=\"elementor-section elementor-inner-section elementor-element elementor-element-57fc203 elementor-section-boxed elementor-section-height-default elementor-section-height-default\" data-id=\"57fc203\" data-element_type=\"section\">\n\t\t\t\t\t\t<div class=\"elementor-container elementor-column-gap-default\">\n\t\t\t\t\t<div class=\"elementor-column elementor-col-100 elementor-inner-column elementor-element elementor-element-dabd65d\" data-id=\"dabd65d\" data-element_type=\"column\">\n\t\t\t<div class=\"elementor-widget-wrap elementor-element-populated\">\n\t\t\t\t\t\t<div class=\"elementor-element elementor-element-9c19c82 elementor-position-left elementor-view-default elementor-mobile-position-top elementor-vertical-align-top elementor-widget elementor-widget-icon-box\" data-id=\"9c19c82\" data-element_type=\"widget\" data-widget_type=\"icon-box.default\">\n\t\t\t\t<div class=\"elementor-widget-container\">\n\t\t\t\t\t\t\t<div class=\"elementor-icon-box-wrapper\">\n\n\t\t\t\t\t\t<div class=\"elementor-icon-box-icon\">\n\t\t\t\t<span  class=\"elementor-icon\">\n\t\t\t\t<svg xmlns=\"http:\/\/www.w3.org\/2000\/svg\" xmlns:xlink=\"http:\/\/www.w3.org\/1999\/xlink\" id=\"Ebene_1\" x=\"0px\" y=\"0px\" viewBox=\"0 0 55.2 13.3\" style=\"enable-background:new 0 0 55.2 13.3;\" xml:space=\"preserve\">  <style type=\"text\/css\">\t.st0{fill:#2F6A86;}<\/style>  <path class=\"st0\" d=\"M48.8,3.3c-1.7,0-3,1.2-3.3,2.8H4.3v1h41.2c0.2,1.6,1.6,2.8,3.3,2.8c1.8,0,3.3-1.5,3.3-3.3 C52.1,4.8,50.6,3.3,48.8,3.3z\"><\/path><\/svg>\t\t\t\t<\/span>\n\t\t\t<\/div>\n\t\t\t\n\t\t\t\t\t\t<div class=\"elementor-icon-box-content\">\n\n\t\t\t\t\t\t\t\t\t<h3 class=\"elementor-icon-box-title\">\n\t\t\t\t\t\t<span  >\n\t\t\t\t\t\t\tIMPRINT\t\t\t\t\t\t<\/span>\n\t\t\t\t\t<\/h3>\n\t\t\t\t\n\t\t\t\t\n\t\t\t<\/div>\n\t\t\t\n\t\t<\/div>\n\t\t\t\t\t\t<\/div>\n\t\t\t\t<\/div>\n\t\t\t\t<div class=\"elementor-element elementor-element-5311117 elementor-widget elementor-widget-text-editor\" data-id=\"5311117\" data-element_type=\"widget\" data-widget_type=\"text-editor.default\">\n\t\t\t\t<div class=\"elementor-widget-container\">\n\t\t\t\t\t\t\t\t\t<p><strong>Advanced Impact Research GmbH<\/strong> <br \/>J\u00e4gerpfad 14<br \/>D-69118 Heidelberg<\/p><p>www.air4p.de<\/p><p>Managing Director:<br \/>Eric Pr\u00fc\u00dfner<br \/><span style=\"color: var( --e-global-color-text ); font-family: var( --e-global-typography-text-font-family ), Sans-serif; font-weight: var( --e-global-typography-text-font-weight );\">eMail: eri&#99;&#46;&#112;&#x72;&#x75;&#x65;&#x73;&#x73;&#x6e;er&#64;&#97;&#105;&#114;&#52;&#x70;&#x2e;&#x6f;&#x72;&#x67;<br \/><\/span><\/p><p>Register Court:<br \/>Amtsgericht Hamburg<\/p><p>Register Number:<br \/>HRB 172431<\/p><p>VAT No. \u00a7 27a UStG:<br \/>DE 349148818<\/p><p>Responsible for content i. S. d. \u00a7 18 Abs. 2 MStV: Eric Pr\u00fc\u00dfner<\/p>\t\t\t\t\t\t\t\t<\/div>\n\t\t\t\t<\/div>\n\t\t\t\t<div class=\"elementor-element elementor-element-10a1c5d elementor-align-right elementor-widget elementor-widget-button\" data-id=\"10a1c5d\" data-element_type=\"widget\" data-widget_type=\"button.default\">\n\t\t\t\t<div class=\"elementor-widget-container\">\n\t\t\t\t\t\t\t\t\t<div class=\"elementor-button-wrapper\">\n\t\t\t\t\t<a class=\"elementor-button elementor-button-link elementor-size-xs elementor-animation-float\" href=\"https:\/\/air4p.de\/en\/\">\n\t\t\t\t\t\t<span class=\"elementor-button-content-wrapper\">\n\t\t\t\t\t\t<span class=\"elementor-button-icon\">\n\t\t\t\t<i aria-hidden=\"true\" class=\"fas fa-arrow-left\"><\/i>\t\t\t<\/span>\n\t\t\t\t\t\t\t\t\t<span class=\"elementor-button-text\">HOME<\/span>\n\t\t\t\t\t<\/span>\n\t\t\t\t\t<\/a>\n\t\t\t\t<\/div>\n\t\t\t\t\t\t\t\t<\/div>\n\t\t\t\t<\/div>\n\t\t\t\t\t<\/div>\n\t\t<\/div>\n\t\t\t\t\t<\/div>\n\t\t<\/section>\n\t\t\t\t\t<\/div>\n\t\t<\/div>\n\t\t\t\t\t<\/div>\n\t\t<\/section>\n\t\t\t\t<\/div>\n\t\t","protected":false},"excerpt":{"rendered":"<p>IMPRINT Advanced Impact Research GmbH J\u00e4gerpfad 14D-69118 Heidelberg www.air4p.de Managing Director:Eric Pr\u00fc\u00dfnereMail: &#x65;&#114;&#x69;&#x63;&#46;&#x70;&#x72;&#117;&#x65;&#x73;&#115;&#x6e;&#x65;r&#x40;&#x61;i&#x72;&#52;p&#x2e;&#111;r&#x67; Register Court:Amtsgericht Hamburg Register Number:HRB 172431 VAT [&hellip;]<\/p>\n","protected":false},"author":1,"featured_media":0,"parent":0,"menu_order":0,"comment_status":"closed","ping_status":"closed","template":"","meta":{"_acf_changed":false,"footnotes":""},"class_list":["post-708","page","type-page","status-publish","hentry"],"acf":[],"_links":{"self":[{"href":"https:\/\/air4p.de\/en\/wp-json\/wp\/v2\/pages\/708","targetHints":{"allow":["GET"]}}],"collection":[{"href":"https:\/\/air4p.de\/en\/wp-json\/wp\/v2\/pages"}],"about":[{"href":"https:\/\/air4p.de\/en\/wp-json\/wp\/v2\/types\/page"}],"author":[{"embeddable":true,"href":"https:\/\/air4p.de\/en\/wp-json\/wp\/v2\/users\/1"}],"replies":[{"embeddable":true,"href":"https:\/\/air4p.de\/en\/wp-json\/wp\/v2\/comments?post=708"}],"version-history":[{"count":28,"href":"https:\/\/air4p.de\/en\/wp-json\/wp\/v2\/pages\/708\/revisions"}],"predecessor-version":[{"id":3462,"href":"https:\/\/air4p.de\/en\/wp-json\/wp\/v2\/pages\/708\/revisions\/3462"}],"wp:attachment":[{"href":"https:\/\/air4p.de\/en\/wp-json\/wp\/v2\/media?parent=708"}],"curies":[{"name":"wp","href":"https:\/\/api.w.org\/{rel}","templated":true}]}}