{"id":706,"date":"2022-08-18T10:05:26","date_gmt":"2022-08-18T08:05:26","guid":{"rendered":"https:\/\/air4p.de\/wordpress\/contact\/"},"modified":"2025-01-07T17:06:02","modified_gmt":"2025-01-07T16:06:02","slug":"contact","status":"publish","type":"page","link":"https:\/\/air4p.de\/en\/contact\/","title":{"rendered":"Contact"},"content":{"rendered":"\t\t<div data-elementor-type=\"wp-page\" data-elementor-id=\"706\" class=\"elementor elementor-706 elementor-24\" data-elementor-post-type=\"page\">\n\t\t\t\t\t\t<section class=\"elementor-section elementor-top-section elementor-element elementor-element-0d4d302 elementor-section-height-min-height elementor-section-content-middle elementor-section-boxed elementor-section-height-default elementor-section-items-middle\" data-id=\"0d4d302\" data-element_type=\"section\" data-settings=\"{&quot;background_background&quot;:&quot;classic&quot;}\">\n\t\t\t\t\t\t\t<div class=\"elementor-background-overlay\"><\/div>\n\t\t\t\t\t\t\t<div class=\"elementor-container elementor-column-gap-default\">\n\t\t\t\t\t<div class=\"elementor-column elementor-col-100 elementor-top-column elementor-element elementor-element-de56d03\" data-id=\"de56d03\" data-element_type=\"column\">\n\t\t\t<div class=\"elementor-widget-wrap\">\n\t\t\t\t\t\t\t<\/div>\n\t\t<\/div>\n\t\t\t\t\t<\/div>\n\t\t<\/section>\n\t\t\t\t<section class=\"elementor-section elementor-top-section elementor-element elementor-element-dee3b3e elementor-section-boxed elementor-section-height-default elementor-section-height-default\" data-id=\"dee3b3e\" data-element_type=\"section\">\n\t\t\t\t\t\t<div class=\"elementor-container elementor-column-gap-default\">\n\t\t\t\t\t<div class=\"elementor-column elementor-col-100 elementor-top-column elementor-element elementor-element-ed1dbfe\" data-id=\"ed1dbfe\" data-element_type=\"column\">\n\t\t\t<div class=\"elementor-widget-wrap elementor-element-populated\">\n\t\t\t\t\t\t<section class=\"elementor-section elementor-inner-section elementor-element elementor-element-5cdc282 elementor-section-boxed elementor-section-height-default elementor-section-height-default\" data-id=\"5cdc282\" data-element_type=\"section\">\n\t\t\t\t\t\t<div class=\"elementor-container elementor-column-gap-default\">\n\t\t\t\t\t<div class=\"elementor-column elementor-col-50 elementor-inner-column elementor-element elementor-element-290f45a\" data-id=\"290f45a\" data-element_type=\"column\">\n\t\t\t<div class=\"elementor-widget-wrap elementor-element-populated\">\n\t\t\t\t\t\t<div class=\"elementor-element elementor-element-ac6887b elementor-position-left elementor-view-default elementor-mobile-position-top elementor-vertical-align-top elementor-widget elementor-widget-icon-box\" data-id=\"ac6887b\" data-element_type=\"widget\" data-widget_type=\"icon-box.default\">\n\t\t\t\t<div class=\"elementor-widget-container\">\n\t\t\t\t\t\t\t<div class=\"elementor-icon-box-wrapper\">\n\n\t\t\t\t\t\t<div class=\"elementor-icon-box-icon\">\n\t\t\t\t<span  class=\"elementor-icon\">\n\t\t\t\t<svg xmlns=\"http:\/\/www.w3.org\/2000\/svg\" xmlns:xlink=\"http:\/\/www.w3.org\/1999\/xlink\" id=\"Ebene_1\" x=\"0px\" y=\"0px\" viewBox=\"0 0 55.2 13.3\" style=\"enable-background:new 0 0 55.2 13.3;\" xml:space=\"preserve\">  <style type=\"text\/css\">\t.st0{fill:#2F6A86;}<\/style>  <path class=\"st0\" d=\"M48.8,3.3c-1.7,0-3,1.2-3.3,2.8H4.3v1h41.2c0.2,1.6,1.6,2.8,3.3,2.8c1.8,0,3.3-1.5,3.3-3.3 C52.1,4.8,50.6,3.3,48.8,3.3z\"><\/path><\/svg>\t\t\t\t<\/span>\n\t\t\t<\/div>\n\t\t\t\n\t\t\t\t\t\t<div class=\"elementor-icon-box-content\">\n\n\t\t\t\t\t\t\t\t\t<h3 class=\"elementor-icon-box-title\">\n\t\t\t\t\t\t<span  >\n\t\t\t\t\t\t\tCONTACT OPTIONS\t\t\t\t\t\t<\/span>\n\t\t\t\t\t<\/h3>\n\t\t\t\t\n\t\t\t\t\n\t\t\t<\/div>\n\t\t\t\n\t\t<\/div>\n\t\t\t\t\t\t<\/div>\n\t\t\t\t<\/div>\n\t\t\t\t<div class=\"elementor-element elementor-element-dbb7d72 elementor-widget elementor-widget-text-editor\" data-id=\"dbb7d72\" data-element_type=\"widget\" data-widget_type=\"text-editor.default\">\n\t\t\t\t<div class=\"elementor-widget-container\">\n\t\t\t\t\t\t\t\t\t<p><strong>Eric Pr\u00fc\u00dfner<\/strong><br \/>Managing Director<\/p><p style=\"margin: 0cm;\"><span data-teams=\"true\">J\u00e4gerpfad 14<\/span><br \/><span data-teams=\"true\">D-69118 Heidelberg<\/span><\/p><p style=\"margin: 0cm;\">E-Mail: <a href=\"ma&#105;&#108;&#116;&#111;&#x3a;&#x6b;&#x6f;&#x6e;&#x74;ak&#116;&#64;&#97;&#105;&#x72;&#x34;&#x70;&#x2e;&#x6f;rg\">&#107;&#x6f;&#110;&#x74;&#97;&#x6b;&#116;&#x40;&#97;&#x69;&#114;&#x34;&#112;&#x2e;&#111;&#x72;&#103;<\/a><\/p>\t\t\t\t\t\t\t\t<\/div>\n\t\t\t\t<\/div>\n\t\t\t\t\t<\/div>\n\t\t<\/div>\n\t\t\t\t<div class=\"elementor-column elementor-col-50 elementor-inner-column elementor-element elementor-element-f31821c\" data-id=\"f31821c\" data-element_type=\"column\">\n\t\t\t<div class=\"elementor-widget-wrap elementor-element-populated\">\n\t\t\t\t\t\t<div class=\"elementor-element elementor-element-b335afa elementor-widget elementor-widget-spacer\" data-id=\"b335afa\" data-element_type=\"widget\" data-widget_type=\"spacer.default\">\n\t\t\t\t<div class=\"elementor-widget-container\">\n\t\t\t\t\t\t\t<div class=\"elementor-spacer\">\n\t\t\t<div class=\"elementor-spacer-inner\"><\/div>\n\t\t<\/div>\n\t\t\t\t\t\t<\/div>\n\t\t\t\t<\/div>\n\t\t\t\t<div class=\"elementor-element elementor-element-79e1c0a elementor-widget elementor-widget-image\" data-id=\"79e1c0a\" data-element_type=\"widget\" data-widget_type=\"image.default\">\n\t\t\t\t<div class=\"elementor-widget-container\">\n\t\t\t\t\t\t\t\t\t\t\t\t\t\t\t<img decoding=\"async\" src=\"https:\/\/air4p.de\/wordpress\/wp-content\/uploads\/elementor\/thumbs\/air-eric-pruessner-pxxtr6fvt26sjejnkv2juwswbskz9rfykyf9d030ls.png\" title=\"air-eric-pruessner\" alt=\"air-eric-pruessner\" loading=\"lazy\" \/>\t\t\t\t\t\t\t\t\t\t\t\t\t\t\t<\/div>\n\t\t\t\t<\/div>\n\t\t\t\t<div class=\"elementor-element elementor-element-5d09a8f elementor-widget elementor-widget-spacer\" data-id=\"5d09a8f\" data-element_type=\"widget\" data-widget_type=\"spacer.default\">\n\t\t\t\t<div class=\"elementor-widget-container\">\n\t\t\t\t\t\t\t<div class=\"elementor-spacer\">\n\t\t\t<div class=\"elementor-spacer-inner\"><\/div>\n\t\t<\/div>\n\t\t\t\t\t\t<\/div>\n\t\t\t\t<\/div>\n\t\t\t\t\t<\/div>\n\t\t<\/div>\n\t\t\t\t\t<\/div>\n\t\t<\/section>\n\t\t\t\t<div class=\"elementor-element elementor-element-b180553 elementor-align-right elementor-widget elementor-widget-button\" data-id=\"b180553\" data-element_type=\"widget\" data-widget_type=\"button.default\">\n\t\t\t\t<div class=\"elementor-widget-container\">\n\t\t\t\t\t\t\t\t\t<div class=\"elementor-button-wrapper\">\n\t\t\t\t\t<a class=\"elementor-button elementor-button-link elementor-size-xs elementor-animation-float\" href=\"https:\/\/air4p.de\/en\/\">\n\t\t\t\t\t\t<span class=\"elementor-button-content-wrapper\">\n\t\t\t\t\t\t<span class=\"elementor-button-icon\">\n\t\t\t\t<i aria-hidden=\"true\" class=\"fas fa-arrow-left\"><\/i>\t\t\t<\/span>\n\t\t\t\t\t\t\t\t\t<span class=\"elementor-button-text\">HOME<\/span>\n\t\t\t\t\t<\/span>\n\t\t\t\t\t<\/a>\n\t\t\t\t<\/div>\n\t\t\t\t\t\t\t\t<\/div>\n\t\t\t\t<\/div>\n\t\t\t\t\t<\/div>\n\t\t<\/div>\n\t\t\t\t\t<\/div>\n\t\t<\/section>\n\t\t\t\t<\/div>\n\t\t","protected":false},"excerpt":{"rendered":"<p>CONTACT OPTIONS Eric Pr\u00fc\u00dfnerManaging Director J\u00e4gerpfad 14D-69118 Heidelberg E-Mail: k&#111;&#110;&#x74;&#x61;&#x6b;&#x74;&#64;&#97;&#105;&#114;&#x34;&#x70;&#x2e;or&#103; HOME<\/p>\n","protected":false},"author":1,"featured_media":0,"parent":0,"menu_order":0,"comment_status":"closed","ping_status":"closed","template":"","meta":{"_acf_changed":false,"footnotes":""},"class_list":["post-706","page","type-page","status-publish","hentry"],"acf":[],"_links":{"self":[{"href":"https:\/\/air4p.de\/en\/wp-json\/wp\/v2\/pages\/706","targetHints":{"allow":["GET"]}}],"collection":[{"href":"https:\/\/air4p.de\/en\/wp-json\/wp\/v2\/pages"}],"about":[{"href":"https:\/\/air4p.de\/en\/wp-json\/wp\/v2\/types\/page"}],"author":[{"embeddable":true,"href":"https:\/\/air4p.de\/en\/wp-json\/wp\/v2\/users\/1"}],"replies":[{"embeddable":true,"href":"https:\/\/air4p.de\/en\/wp-json\/wp\/v2\/comments?post=706"}],"version-history":[{"count":25,"href":"https:\/\/air4p.de\/en\/wp-json\/wp\/v2\/pages\/706\/revisions"}],"predecessor-version":[{"id":3477,"href":"https:\/\/air4p.de\/en\/wp-json\/wp\/v2\/pages\/706\/revisions\/3477"}],"wp:attachment":[{"href":"https:\/\/air4p.de\/en\/wp-json\/wp\/v2\/media?parent=706"}],"curies":[{"name":"wp","href":"https:\/\/api.w.org\/{rel}","templated":true}]}}